{"id":1024,"date":"2025-05-11T02:04:00","date_gmt":"2025-05-11T02:04:00","guid":{"rendered":"https:\/\/kildere.com.br\/arq\/?page_id=1024"},"modified":"2025-05-11T02:16:24","modified_gmt":"2025-05-11T02:16:24","slug":"projetos","status":"publish","type":"page","link":"https:\/\/kildere.com.br\/arq\/projetos\/","title":{"rendered":"Projetos"},"content":{"rendered":"\n\n\n\n\n<h3 class=\"wp-block-heading\"><strong><mark style=\"background-color:rgba(0, 0, 0, 0)\" class=\"has-inline-color has-metallic-red-color\">Transforme Seu Projeto com Tecnologia, Precis\u00e3o e Efici\u00eancia!<\/mark><\/strong><\/h3>\n\n\n\n<p>Somos especialistas na elabora\u00e7\u00e3o de projetos para edifica\u00e7\u00f5es, utilizando as mais avan\u00e7adas tecnologias, como <strong><em>Building Information Modeling (BIM)<\/em><\/strong><em>,<\/em> para garantir a m\u00e1xima precis\u00e3o e inova\u00e7\u00e3o em cada detalhe. Nossa abordagem integrada assegura uma <strong>compatibiliza\u00e7\u00e3o completa<\/strong> <strong>e integrada<\/strong> entre todos os sistemas da edifica\u00e7\u00e3o, evitando conflitos e otimizando o processo de constru\u00e7\u00e3o.<\/p>\n\n\n\n<p>Nosso compromisso vai al\u00e9m da cria\u00e7\u00e3o do projeto: cuidamos de toda a parte de <strong>aprova\u00e7\u00e3o<\/strong> junto aos \u00f3rg\u00e3os competentes, oferecendo um suporte completo para que sua obra comece sem imprevistos e dentro do prazo.<\/p>\n\n\n\n<p>Com uma equipe especializada e focada em solu\u00e7\u00f5es sustent\u00e1veis, entregamos projetos de alta qualidade, com total seguran\u00e7a e efici\u00eancia, respeitando seu or\u00e7amento e prazos.<\/p>\n\n\n\n<h4 class=\"wp-block-heading\"><strong>Nossos diferenciais:<\/strong><\/h4>\n\n\n\n<blockquote class=\"wp-block-quote is-layout-flow wp-block-quote-is-layout-flow\">\n<p><strong>Servi\u00e7os de Despachante \u00f3rg\u00e3os de fiscaliza\u00e7\u00e3o e regula\u00e7\u00e3o<\/strong><\/p>\n\n\n\n<p><strong>N\u00e3o subcontratamos Projetos, equipe totalmente interna<\/strong><\/p>\n\n\n\n<p><strong>Projetos j\u00e1 Compatibilizados em BIM, sem custos adicionais<\/strong><\/p>\n\n\n\n<p><strong>Equipe de Arquitetos, Urbanistas, Designers e Engenheiros<\/strong><\/p>\n<\/blockquote>\n\n\n\n<p><\/p>\n\n\n\n<h3 class=\"wp-block-heading\">Projetos Integrados<\/h3>\n\n\n\n<blockquote class=\"wp-block-quote is-layout-flow wp-block-quote-is-layout-flow\">\n<p><strong>Elaboramos todos os Projetos de Arquitetura, Estrutura e Instala\u00e7\u00f5es<\/strong><\/p>\n<\/blockquote>\n\n\n\n<p><\/p>\n\n\n\n\n\n<p><\/p>\n\n\n\n<p><\/p>\n","protected":false},"excerpt":{"rendered":"","protected":false},"author":1,"featured_media":0,"parent":0,"menu_order":0,"comment_status":"closed","ping_status":"closed","template":"","meta":{"pagelayer_contact_templates":[],"_pagelayer_content":"","footnotes":""},"class_list":["post-1024","page","type-page","status-publish","hentry"],"_links":{"self":[{"href":"https:\/\/kildere.com.br\/arq\/wp-json\/wp\/v2\/pages\/1024","targetHints":{"allow":["GET"]}}],"collection":[{"href":"https:\/\/kildere.com.br\/arq\/wp-json\/wp\/v2\/pages"}],"about":[{"href":"https:\/\/kildere.com.br\/arq\/wp-json\/wp\/v2\/types\/page"}],"author":[{"embeddable":true,"href":"https:\/\/kildere.com.br\/arq\/wp-json\/wp\/v2\/users\/1"}],"replies":[{"embeddable":true,"href":"https:\/\/kildere.com.br\/arq\/wp-json\/wp\/v2\/comments?post=1024"}],"version-history":[{"count":11,"href":"https:\/\/kildere.com.br\/arq\/wp-json\/wp\/v2\/pages\/1024\/revisions"}],"predecessor-version":[{"id":1042,"href":"https:\/\/kildere.com.br\/arq\/wp-json\/wp\/v2\/pages\/1024\/revisions\/1042"}],"wp:attachment":[{"href":"https:\/\/kildere.com.br\/arq\/wp-json\/wp\/v2\/media?parent=1024"}],"curies":[{"name":"wp","href":"https:\/\/api.w.org\/{rel}","templated":true}]}}