{"id":1095,"date":"2025-07-30T11:36:25","date_gmt":"2025-07-30T11:36:25","guid":{"rendered":"https:\/\/kildere.com.br\/arq\/?page_id=1095"},"modified":"2025-07-30T12:00:51","modified_gmt":"2025-07-30T12:00:51","slug":"curso-manage-navisworks","status":"publish","type":"page","link":"https:\/\/kildere.com.br\/arq\/curso-manage-navisworks\/","title":{"rendered":"Curso de Navisworks"},"content":{"rendered":"\n<h3 class=\"wp-block-heading\">Curso<\/h3>\n\n\n\n<h2 class=\"wp-block-heading\">Compatibiliza\u00e7\u00e3o e Planejamento 4D e 5D com Manage Navisworks<\/h2>\n\n\n\n<p>Curso Pr\u00e1tico que voc\u00ea aprender\u00e1 elaborar e aprovar projetos de Arquitetura em Prefeituras.<\/p>\n\n\n\n<p>Principais assuntos:<\/p>\n\n\n\n<ol class=\"wp-block-list\">\n<li>Gest\u00e3o de escopos e processos<\/li>\n\n\n\n<li>Compatibiliza\u00e7\u00e3o de Projetos em BIM<\/li>\n\n\n\n<li>Planejamento 4D e 5D<\/li>\n<\/ol>\n\n\n\n<p><\/p>\n\n\n\n<blockquote class=\"wp-block-quote is-layout-flow wp-block-quote-is-layout-flow\">\n<p><mark style=\"background-color:rgba(0, 0, 0, 0)\" class=\"has-inline-color has-metallic-red-color\">Curso para quem deseja atuar como Analista e Coordenador de Projetos.<\/mark><\/p>\n\n\n\n<p><mark style=\"background-color:rgba(0, 0, 0, 0)\" class=\"has-inline-color has-metallic-red-color\">\u00danico que voc\u00ea ter\u00e1 tira d\u00favidas p\u00f3s curso sem custos adicionais<\/mark><\/p>\n<\/blockquote>\n\n\n\n<p>Ao fazer o curso \u00e9 necess\u00e1rio trazer o notebook para realiza\u00e7\u00e3o do mesmo e j\u00e1 ter instalado o programa Autodesk Manage Navisworks.<\/p>\n\n\n\n<p><\/p>\n\n\n\n\n\n<ol start=\"1\" class=\"wp-block-list\">\n<li>Gest\u00e3o de escopos e processos<\/li>\n\n\n\n<li>Integra\u00e7\u00e3o de modelos BIM<\/li>\n\n\n\n<li>Detec\u00e7\u00e3o de conflitos entre os projetos<\/li>\n\n\n\n<li>Compatibiliza\u00e7\u00e3o de projetos em BIM<\/li>\n\n\n\n<li>Relat\u00f3rios de conflitos<\/li>\n\n\n\n<li>Passeios virtuais 3D<\/li>\n\n\n\n<li>Planejamento 4D e 5D<\/li>\n<\/ol>\n\n\n\n\n\n<p>10 horas<\/p>\n\n\n\n\n\n\n\n<p><strong>R$ 850,00.<\/strong> Parcelado no cart\u00e3o de cr\u00e9dito em at\u00e9 04 vezes sem juros<\/p>\n\n\n\n<p><strong>R$ 750,00.<\/strong> Para pagamento a vista via PIX<\/p>\n\n\n\n<p><strong>PAGAMENTO A VISTA<\/strong><br><strong>PIX CNPJ:<\/strong> 15.620.843\/0001-68<\/p>\n\n\n\n\n\n<p>1 \u2013 Conhecimentos de inform\u00e1tica B\u00e1sica<\/p>\n\n\n\n<p>2 \u2013 Tenha objetivo de atuar na \u00e1rea de Compatibiliza\u00e7\u00e3o, An\u00e1lise e Coordena\u00e7\u00e3o de Projetos<\/p>\n\n\n\n\n\n\n\n<p>Hor\u00e1rio: 19h \u00e0s 21h<br>Inicia: 25 de agosto de 2025<br>Finaliza: 29 de agosto de 2025<\/p>\n\n\n\n<p><a href=\"https:\/\/cielolink.com.br\/3pGSzQl\" target=\"_blank\" rel=\"noreferrer noopener\">Matricular Nesta Turma<\/a><\/p>\n\n\n\n\n\n<p><\/p>\n","protected":false},"excerpt":{"rendered":"<p>Curso Compatibiliza\u00e7\u00e3o e Planejamento 4D e 5D com Manage Navisworks Curso Pr\u00e1tico que voc\u00ea aprender\u00e1 elaborar e aprovar projetos de Arquitetura em Prefeituras. Principais assuntos: Curso para quem deseja atuar como Analista e Coordenador de Projetos. \u00danico que voc\u00ea ter\u00e1 tira d\u00favidas p\u00f3s curso sem custos adicionais Ao fazer o curso \u00e9 necess\u00e1rio trazer o [&hellip;]<\/p>\n","protected":false},"author":1,"featured_media":0,"parent":0,"menu_order":0,"comment_status":"closed","ping_status":"closed","template":"","meta":{"pagelayer_contact_templates":[],"_pagelayer_content":"","footnotes":""},"class_list":["post-1095","page","type-page","status-publish","hentry"],"_links":{"self":[{"href":"https:\/\/kildere.com.br\/arq\/wp-json\/wp\/v2\/pages\/1095","targetHints":{"allow":["GET"]}}],"collection":[{"href":"https:\/\/kildere.com.br\/arq\/wp-json\/wp\/v2\/pages"}],"about":[{"href":"https:\/\/kildere.com.br\/arq\/wp-json\/wp\/v2\/types\/page"}],"author":[{"embeddable":true,"href":"https:\/\/kildere.com.br\/arq\/wp-json\/wp\/v2\/users\/1"}],"replies":[{"embeddable":true,"href":"https:\/\/kildere.com.br\/arq\/wp-json\/wp\/v2\/comments?post=1095"}],"version-history":[{"count":10,"href":"https:\/\/kildere.com.br\/arq\/wp-json\/wp\/v2\/pages\/1095\/revisions"}],"predecessor-version":[{"id":1112,"href":"https:\/\/kildere.com.br\/arq\/wp-json\/wp\/v2\/pages\/1095\/revisions\/1112"}],"wp:attachment":[{"href":"https:\/\/kildere.com.br\/arq\/wp-json\/wp\/v2\/media?parent=1095"}],"curies":[{"name":"wp","href":"https:\/\/api.w.org\/{rel}","templated":true}]}}