{"id":23,"date":"2014-09-26T17:23:42","date_gmt":"2014-09-26T17:23:42","guid":{"rendered":"http:\/\/192.168.1.104\/enfold-photography\/?page_id=23"},"modified":"2025-05-10T16:08:24","modified_gmt":"2025-05-10T16:08:24","slug":"contato","status":"publish","type":"page","link":"https:\/\/kildere.com.br\/arq\/contato\/","title":{"rendered":"Contato"},"content":{"rendered":"<div id='av-layout-grid-1'  class='av-layout-grid-container av-szaz-b56a9b0fcde2845ef5352a963aec4eef entry-content-wrapper main_color av-flex-cells  avia-builder-el-0  avia-builder-el-no-sibling   container_wrap fullsize'  >\n\n<style type=\"text\/css\" data-created_by=\"avia_inline_auto\" id=\"style-css-av-31u13-f55ebfc53acaceb43c04a888ede014a9\">\n.flex_cell.av-31u13-f55ebfc53acaceb43c04a888ede014a9{\nvertical-align:top;\n}\n.responsive #top #wrap_all .flex_cell.av-31u13-f55ebfc53acaceb43c04a888ede014a9{\npadding:30px 30px 30px 30px !important;\n}\n<\/style>\n<div class='flex_cell av-31u13-f55ebfc53acaceb43c04a888ede014a9 av-gridrow-cell av_one_full no_margin  avia-builder-el-1  avia-builder-el-no-sibling '  ><div class='flex_cell_inner'><p>\n<style type=\"text\/css\" data-created_by=\"avia_inline_auto\" id=\"style-css-av-1s1hv-aef8b70c3304568905b424822a118b92\">\n#top .av-special-heading.av-1s1hv-aef8b70c3304568905b424822a118b92{\npadding-bottom:10px;\ncolor:#af0808;\n}\nbody .av-special-heading.av-1s1hv-aef8b70c3304568905b424822a118b92 .av-special-heading-tag .heading-char{\nfont-size:25px;\n}\n.av-special-heading.av-1s1hv-aef8b70c3304568905b424822a118b92 .special-heading-inner-border{\nborder-color:#af0808;\n}\n.av-special-heading.av-1s1hv-aef8b70c3304568905b424822a118b92 .av-subheading{\nfont-size:15px;\n}\n<\/style>\n<div  class='av-special-heading av-1s1hv-aef8b70c3304568905b424822a118b92 av-special-heading-h3 custom-color-heading  avia-builder-el-2  el_before_av_textblock  avia-builder-el-first '><h3 class='av-special-heading-tag'  itemprop=\"headline\"  >Nossos Contatos<\/h3><div class=\"special-heading-border\"><div class=\"special-heading-inner-border\"><\/div><\/div><\/div><br \/>\n<section  class='av_textblock_section av-2dcv-3cf7563b41b1cb7beafc9cc84d22f98b '   itemscope=\"itemscope\" itemtype=\"https:\/\/schema.org\/CreativeWork\" ><div class='avia_textblock'  itemprop=\"text\" ><p><strong>Atendimento pessoal com dia e hora marcada antecipadamente<\/strong><\/p>\n<p><strong>Endere\u00e7o:<\/strong> Rua C-249 n\u00ba 87 Quadra 579 Lote 17 Setor Nova Su\u00ed\u00e7a, Goi\u00e2nia, Goi\u00e1s &#8211; CEP: 74.280-140<\/p>\n<p><strong>Liga\u00e7\u00e3o e WhatsApp:<\/strong> (62) 9-9925-7497<\/p>\n<p><strong>E-mail:<\/strong> contato@kildere.com.br<\/p>\n<p><strong>Localiza\u00e7\u00e3o MAPA\/GPS:<\/strong> <a href=\"https:\/\/maps.app.goo.gl\/FJYnNCnWxHtokhjUA\" target=\"_blank\" rel=\"noopener\"><span style=\"color: #333399;\">https:\/\/maps.app.goo.gl\/FJYnNCnWxHtokhjUA<\/span><\/a><\/p>\n<\/div><\/section><\/p>\n<\/div><\/div><\/div>\n","protected":false},"excerpt":{"rendered":"","protected":false},"author":1,"featured_media":0,"parent":0,"menu_order":0,"comment_status":"open","ping_status":"open","template":"","meta":{"pagelayer_contact_templates":[],"_pagelayer_content":"","footnotes":""},"class_list":["post-23","page","type-page","status-publish","hentry"],"_links":{"self":[{"href":"https:\/\/kildere.com.br\/arq\/wp-json\/wp\/v2\/pages\/23","targetHints":{"allow":["GET"]}}],"collection":[{"href":"https:\/\/kildere.com.br\/arq\/wp-json\/wp\/v2\/pages"}],"about":[{"href":"https:\/\/kildere.com.br\/arq\/wp-json\/wp\/v2\/types\/page"}],"author":[{"embeddable":true,"href":"https:\/\/kildere.com.br\/arq\/wp-json\/wp\/v2\/users\/1"}],"replies":[{"embeddable":true,"href":"https:\/\/kildere.com.br\/arq\/wp-json\/wp\/v2\/comments?post=23"}],"version-history":[{"count":9,"href":"https:\/\/kildere.com.br\/arq\/wp-json\/wp\/v2\/pages\/23\/revisions"}],"predecessor-version":[{"id":605,"href":"https:\/\/kildere.com.br\/arq\/wp-json\/wp\/v2\/pages\/23\/revisions\/605"}],"wp:attachment":[{"href":"https:\/\/kildere.com.br\/arq\/wp-json\/wp\/v2\/media?parent=23"}],"curies":[{"name":"wp","href":"https:\/\/api.w.org\/{rel}","templated":true}]}}