{"id":482,"date":"2025-05-09T21:46:20","date_gmt":"2025-05-09T21:46:20","guid":{"rendered":"https:\/\/kildere.com.br\/arq\/?page_id=482"},"modified":"2025-07-18T18:47:28","modified_gmt":"2025-07-18T18:47:28","slug":"sobre-nos","status":"publish","type":"page","link":"https:\/\/kildere.com.br\/arq\/sobre-nos\/","title":{"rendered":"Sobre N\u00f3s"},"content":{"rendered":"\n\n\n\n\n<p><mark style=\"background-color:rgba(0, 0, 0, 0)\" class=\"has-inline-color has-metallic-red-color\">KILDERE WHIKICHAN<\/mark> \u00e9 uma empresa de Projetos e Compatibiliza\u00e7\u00f5es em <mark style=\"background-color:rgba(0, 0, 0, 0)\" class=\"has-inline-color has-metallic-red-color\">BIM e CIM.<\/mark><\/p>\n\n\n\n<p>Desde 2002 iniciou uma intensa pesquisa com diferentes tecnologias, metodologias, processos e formas e fluxos de trabalho para Projetos para que no in\u00edcio de 2012 iniciasse e despont\u00e1sse no mercado profissional e o que tem n\u00f3s tornado uma refer\u00eancia internacional e nacional cada vez mais s\u00f3lida e respeitada nos quesitos de funcionalidade e projetos integrados compatibilizados.<\/p>\n\n\n\n<p>Possu\u00edmos uma Equipe de <mark style=\"background-color:rgba(0, 0, 0, 0)\" class=\"has-inline-color has-metallic-red-color\">Projetos Transdisciplinar <\/mark>com Designers, Arquitetos Urbanistas e Engenheiros que nos permitem sempre apresentar aos nossos Clientes solu\u00e7\u00f5es inovadoras e funcionais que se enquadram perfeitamente a agregabilidade de execu\u00e7\u00e3o.<\/p>\n\n\n\n<p>Nossa clientela varia desde profissionais aut\u00f4nomos at\u00e9 grandes investidores intercalando com pequenas, m\u00e9dias e grandes empresas de diferentes segmentos que busca uma presta\u00e7\u00e3o de servi\u00e7o s\u00e9rio e compromissado com padr\u00f5es de qualidade, legisla\u00e7\u00f5es e seguindo as regras dos principais <mark style=\"background-color:rgba(0, 0, 0, 0)\" class=\"has-inline-color has-metallic-red-color\">\u00f3rg\u00e3os internacionais ISO e PMO.<\/mark><\/p>\n\n\n\n<p>Trabalhamos em aprimorar constantemente, criando, desenvolvendo e executando diferentes solu\u00e7\u00f5es para cada situa\u00e7\u00e3o n\u00e3o falhando, mas se falharmos solucionamos nosso erro de uma forma genial e r\u00e1pida demostrando assim a nossa capacidade en\u00e9rgica de dom\u00ednio das diversas ci\u00eancias.<\/p>\n\n\n\n<blockquote class=\"wp-block-quote is-layout-flow wp-block-quote-is-layout-flow\">\n<p>Contando com o Diretor Executivo <mark style=\"background-color:rgba(0, 0, 0, 0)\" class=\"has-inline-color has-metallic-red-color\">Arquiteto Urbanista Kildere Whikichan<\/mark>, aprovado em primeiro lugar no vestibular e habilidade espec\u00edfica em 2006 na PUC-Goi\u00e1s e agora tamb\u00e9m <mark style=\"background-color:rgba(0, 0, 0, 0)\" class=\"has-inline-color has-metallic-red-color\">mestrando na \u00e1rea de Projetos e Tecnologia pela Universidade de Bras\u00edlia &#8211; UnB<\/mark>, destaca-se em seus projetos por fazer uma integra\u00e7\u00e3o compatibilizada dos Projetos de Arquitetura, Estrutura, Instala\u00e7\u00f5es e Legisla\u00e7\u00f5es, criando assim projetos amplamente funcionais<\/p>\n<\/blockquote>\n\n\n\n<p>   Grande diferencial de<\/p>\n\n\n\n<blockquote class=\"wp-block-quote is-layout-flow wp-block-quote-is-layout-flow\">\n<p>Uma empresa estruturada em 04 departamentos complexos: <mark style=\"background-color:rgba(0, 0, 0, 0)\" class=\"has-inline-color has-metallic-red-color\">LEGISLA\u00c7\u00c3O, PROJETOS, COMPATIBILIZA\u00c7\u00c3O, CURSOS E CONSULTORIAS<\/mark>.<\/p>\n\n\n\n<p><\/p>\n<\/blockquote>\n\n\n\n<p>Marque j\u00e1 uma reuni\u00e3o conosco para <mark style=\"background-color:rgba(0, 0, 0, 0)\" class=\"has-inline-color has-metallic-red-color\">melhor resolvermos sua situa\u00e7\u00e3o.<\/mark><\/p>\n\n\n\n\n\n<p><\/p>\n\n\n\n<p><\/p>\n","protected":false},"excerpt":{"rendered":"","protected":false},"author":1,"featured_media":0,"parent":0,"menu_order":0,"comment_status":"closed","ping_status":"closed","template":"","meta":{"pagelayer_contact_templates":[],"_pagelayer_content":"","footnotes":""},"class_list":["post-482","page","type-page","status-publish","hentry"],"_links":{"self":[{"href":"https:\/\/kildere.com.br\/arq\/wp-json\/wp\/v2\/pages\/482","targetHints":{"allow":["GET"]}}],"collection":[{"href":"https:\/\/kildere.com.br\/arq\/wp-json\/wp\/v2\/pages"}],"about":[{"href":"https:\/\/kildere.com.br\/arq\/wp-json\/wp\/v2\/types\/page"}],"author":[{"embeddable":true,"href":"https:\/\/kildere.com.br\/arq\/wp-json\/wp\/v2\/users\/1"}],"replies":[{"embeddable":true,"href":"https:\/\/kildere.com.br\/arq\/wp-json\/wp\/v2\/comments?post=482"}],"version-history":[{"count":25,"href":"https:\/\/kildere.com.br\/arq\/wp-json\/wp\/v2\/pages\/482\/revisions"}],"predecessor-version":[{"id":1088,"href":"https:\/\/kildere.com.br\/arq\/wp-json\/wp\/v2\/pages\/482\/revisions\/1088"}],"wp:attachment":[{"href":"https:\/\/kildere.com.br\/arq\/wp-json\/wp\/v2\/media?parent=482"}],"curies":[{"name":"wp","href":"https:\/\/api.w.org\/{rel}","templated":true}]}}