{"id":540,"date":"2025-05-09T23:46:52","date_gmt":"2025-05-09T23:46:52","guid":{"rendered":"https:\/\/kildere.com.br\/arq\/?page_id=540"},"modified":"2026-03-23T20:45:29","modified_gmt":"2026-03-23T20:45:29","slug":"bim-com-revit","status":"publish","type":"page","link":"https:\/\/kildere.com.br\/arq\/bim-com-revit\/","title":{"rendered":"BIM com Revit"},"content":{"rendered":"\n<h3 class=\"wp-block-heading\">Curso<\/h3>\n\n\n\n<h2 class=\"wp-block-heading\">BIM com Revit<\/h2>\n\n\n\n<p>Curso Pr\u00e1tico que voc\u00ea aprender\u00e1 elaborar e aprovar projetos de Arquitetura em Prefeituras.<\/p>\n\n\n\n<p>Principais assuntos:<\/p>\n\n\n\n<ol class=\"wp-block-list\">\n<li>Documenta\u00e7\u00f5es<\/li>\n\n\n\n<li>Regras de C\u00e1lculos e Legisla\u00e7\u00f5es<\/li>\n\n\n\n<li>Compatibiliza\u00e7\u00e3o com BIM<\/li>\n\n\n\n<li>Levantamento de Quantitativos<\/li>\n\n\n\n<li>Maquetes 3D<\/li>\n\n\n\n<li>Desenhos T\u00e9cnicos e Montagens de Pranchas <\/li>\n<\/ol>\n\n\n\n<p><\/p>\n\n\n\n<blockquote class=\"wp-block-quote is-layout-flow wp-block-quote-is-layout-flow\">\n<p>Curso somente para quem deseja trabalhar como Profissional em elabora\u00e7\u00e3o de Projetos.<\/p>\n\n\n\n<p>\u00danico que voc\u00ea ter\u00e1 tira d\u00favidas p\u00f3s curso sem custos adicionais<\/p>\n<\/blockquote>\n\n\n\n<p>Ao fazer o curso \u00e9 necess\u00e1rio trazer o notebook para realiza\u00e7\u00e3o do mesmo e j\u00e1 ter instalado o programa Autodesk Revit.<\/p>\n\n\n\n<p><\/p>\n\n\n\n\n\n<ol start=\"1\" class=\"wp-block-list\">\n<li>Legisla\u00e7\u00e3o, Normas e Procedimentos para Aprova\u00e7\u00e3o de Projetos<\/li>\n\n\n\n<li>Modelagem com BIM<\/li>\n\n\n\n<li>Explorando a interface do usu\u00e1rio<\/li>\n\n\n\n<li>Cria\u00e7\u00e3o de N\u00edveis<\/li>\n\n\n\n<li>M\u00e9todos de Visualiza\u00e7\u00f5es<\/li>\n\n\n\n<li>Cria\u00e7\u00e3o e edi\u00e7\u00e3o da Planta Baixa<\/li>\n\n\n\n<li>Cria\u00e7\u00e3o e edi\u00e7\u00e3o de Paredes<\/li>\n\n\n\n<li>N\u00edveis de detalhes BIM LOD<\/li>\n\n\n\n<li>Cria\u00e7\u00e3o e edi\u00e7\u00e3o de Portas<\/li>\n\n\n\n<li>Cria\u00e7\u00e3o e edi\u00e7\u00e3o de Janelas<\/li>\n\n\n\n<li>Cria\u00e7\u00e3o de Legendas e Linha<\/li>\n\n\n\n<li>Trabalho com Elementos do Revit e Fam\u00edlias<\/li>\n\n\n\n<li>Cria\u00e7\u00e3o e edi\u00e7\u00e3o de Pisos<\/li>\n\n\n\n<li>Vistas em 2D e 3D<\/li>\n\n\n\n<li>Cria\u00e7\u00e3o, Edi\u00e7\u00e3o e Gerenciamento de Vistas<\/li>\n\n\n\n<li>Comandos de Edi\u00e7\u00e3o<\/li>\n\n\n\n<li>Trabalhando com Eixos<\/li>\n\n\n\n<li>Colunas, Pilares, Sapatas e Vigas<\/li>\n\n\n\n<li>Cria\u00e7\u00e3o e edi\u00e7\u00e3o de escadas e rampas<\/li>\n\n\n\n<li>Corrim\u00e3os e Guarda Corpos<\/li>\n\n\n\n<li>Cortes da Edifica\u00e7\u00e3o 2D e 3D<\/li>\n\n\n\n<li>Fachadas da edifica\u00e7\u00e3o<\/li>\n\n\n\n<li>Curvas de n\u00edveis, Terreno e Superf\u00edcie<\/li>\n\n\n\n<li>Adi\u00e7\u00e3o e Edi\u00e7\u00e3o de Fam\u00edlias de Componentes<\/li>\n\n\n\n<li>Cria\u00e7\u00e3o e edi\u00e7\u00e3o de Forros<\/li>\n\n\n\n<li>Cria\u00e7\u00e3o e Edi\u00e7\u00e3o de Lajes<\/li>\n\n\n\n<li>Setoriza\u00e7\u00e3o, Legendas e \u00c1reas<\/li>\n\n\n\n<li>Cria\u00e7\u00e3o e edi\u00e7\u00e3o de Telhados\/Coberturas<\/li>\n\n\n\n<li>Trabalho com textos, cotas e anota\u00e7\u00f5es gerais<\/li>\n\n\n\n<li>Cria\u00e7\u00e3o de detalhamentos<\/li>\n\n\n\n<li>Trabalho com Paredes compostas<\/li>\n\n\n\n<li>Fotos 3D dos Ambientes<\/li>\n\n\n\n<li>Passeio Virtual 3D<\/li>\n\n\n\n<li>Estudo de Insola\u00e7\u00e3o<\/li>\n\n\n\n<li>Aplica\u00e7\u00e3o de Luz e Sombras<\/li>\n\n\n\n<li>Mapeamento de Materiais<\/li>\n\n\n\n<li>Renderiza\u00e7\u00e3o<\/li>\n\n\n\n<li>V\u00ednculos de Projetos<\/li>\n\n\n\n<li>Compatibiliza\u00e7\u00e3o dos Projetos no escopo BIM<\/li>\n\n\n\n<li>Levantamento de Quantitativos<\/li>\n\n\n\n<li>Estilos de Vistas para Objetos<\/li>\n\n\n\n<li>Cria\u00e7\u00e3o das Pranchas<\/li>\n\n\n\n<li>Cria\u00e7\u00e3o de Carimbos<\/li>\n\n\n\n<li>Uso de Escala<\/li>\n\n\n\n<li>Exporta\u00e7\u00e3o e importa\u00e7\u00e3o<\/li>\n\n\n\n<li>Impress\u00e3o\/Plotagem<\/li>\n<\/ol>\n\n\n\n\n\n<p>88 horas totais<br>44 horas de aulas e mais 44 horas de tira-d\u00favidas p\u00f3s-curso<\/p>\n\n\n\n\n\n\n\n<p><strong>R$ 850,00.<\/strong> Parcelado no cart\u00e3o de cr\u00e9dito em at\u00e9 04 vezes sem juros<\/p>\n\n\n\n<p><strong>R$ 750,00.<\/strong> Para pagamento a vista via PIX<\/p>\n\n\n\n<p><strong>PAGAMENTO A VISTA<\/strong><br><strong>PIX CNPJ:<\/strong> 15.620.843\/0001-68<\/p>\n\n\n\n\n\n<p>1 \u2013 Ter conhecimentos de inform\u00e1tica B\u00e1sica<\/p>\n\n\n\n<p>2 \u2013 Tenha objetivo de atuar na \u00e1rea de Elabora\u00e7\u00e3o, Compatibiliza\u00e7\u00e3o e Coordena\u00e7\u00e3o de Projetos de Constru\u00e7\u00e3o Civil<\/p>\n\n\n\n\n\n\n\n<p>Segundas \u00e0 Quintas, 19h \u00e0s 21h<br>Inicia: 04 de MAIO de 2026<br>Finaliza: 09 de JUNHO de 2026<\/p>\n\n\n\n<p><a href=\"https:\/\/cieloecommerce.cielo.com.br\/transactionalvnext\/order\/buynow\/6f478f18-3507-41b2-9660-3c211ee98221\" target=\"_blank\" rel=\"noreferrer noopener\">Matricular Nesta Turma<\/a><\/p>\n\n\n\n\n\n<p><\/p>\n","protected":false},"excerpt":{"rendered":"<p>Curso BIM com Revit Curso Pr\u00e1tico que voc\u00ea aprender\u00e1 elaborar e aprovar projetos de Arquitetura em Prefeituras. Principais assuntos: Curso somente para quem deseja trabalhar como Profissional em elabora\u00e7\u00e3o de Projetos. \u00danico que voc\u00ea ter\u00e1 tira d\u00favidas p\u00f3s curso sem custos adicionais Ao fazer o curso \u00e9 necess\u00e1rio trazer o notebook para realiza\u00e7\u00e3o do mesmo [&hellip;]<\/p>\n","protected":false},"author":1,"featured_media":0,"parent":0,"menu_order":0,"comment_status":"closed","ping_status":"closed","template":"","meta":{"pagelayer_contact_templates":[],"_pagelayer_content":"","footnotes":""},"class_list":["post-540","page","type-page","status-publish","hentry"],"_links":{"self":[{"href":"https:\/\/kildere.com.br\/arq\/wp-json\/wp\/v2\/pages\/540","targetHints":{"allow":["GET"]}}],"collection":[{"href":"https:\/\/kildere.com.br\/arq\/wp-json\/wp\/v2\/pages"}],"about":[{"href":"https:\/\/kildere.com.br\/arq\/wp-json\/wp\/v2\/types\/page"}],"author":[{"embeddable":true,"href":"https:\/\/kildere.com.br\/arq\/wp-json\/wp\/v2\/users\/1"}],"replies":[{"embeddable":true,"href":"https:\/\/kildere.com.br\/arq\/wp-json\/wp\/v2\/comments?post=540"}],"version-history":[{"count":29,"href":"https:\/\/kildere.com.br\/arq\/wp-json\/wp\/v2\/pages\/540\/revisions"}],"predecessor-version":[{"id":1132,"href":"https:\/\/kildere.com.br\/arq\/wp-json\/wp\/v2\/pages\/540\/revisions\/1132"}],"wp:attachment":[{"href":"https:\/\/kildere.com.br\/arq\/wp-json\/wp\/v2\/media?parent=540"}],"curies":[{"name":"wp","href":"https:\/\/api.w.org\/{rel}","templated":true}]}}