{"id":592,"date":"2025-05-10T01:05:48","date_gmt":"2025-05-10T01:05:48","guid":{"rendered":"https:\/\/kildere.com.br\/arq\/?page_id=592"},"modified":"2025-06-29T01:34:16","modified_gmt":"2025-06-29T01:34:16","slug":"catastrofes-e-emergencias","status":"publish","type":"page","link":"https:\/\/kildere.com.br\/arq\/catastrofes-e-emergencias\/","title":{"rendered":"Cat\u00e1strofes e Emerg\u00eancias"},"content":{"rendered":"\n\n<p><strong><mark style=\"background-color:rgba(0, 0, 0, 0)\" class=\"has-inline-color has-metallic-red-color\">SOLU\u00c7\u00d5ES R\u00c1PIDAS PARA SITUA\u00c7\u00d5ES DE CRISE<\/mark><\/strong><\/p>\n\n\n\n<p>Quando uma cat\u00e1strofe ou acidente acontece, a resposta precisa ser imediata, eficaz e funcional.<\/p>\n\n\n\n<p>Nossos projetos para cen\u00e1rios de <strong>cat\u00e1strofes, emerg\u00eancias e situa\u00e7\u00f5es de crise<\/strong> s\u00e3o feitos para transformar o caos em abrigo, seguran\u00e7a, dignidade e respostas para os \u00f3rg\u00e3os de fiscaliza\u00e7\u00e3o e regula\u00e7\u00e3o.<\/p>\n\n\n\n<p>Combinamos <strong>tecnologia de ponta<\/strong>, <strong>expertise transdisciplinar <\/strong>e <strong>compromisso funcional <\/strong>para projetar e implantar estruturas vitais em tempo recorde.<\/p>\n\n\n\n<p>Nossa engenharia n\u00e3o espera: ela age.<\/p>\n\n\n\n<p>Nossa arquitetura n\u00e3o \u00e9 s\u00f3 espa\u00e7o: \u00e9 esperan\u00e7a.<\/p>\n\n\n\n<blockquote class=\"wp-block-quote is-layout-flow wp-block-quote-is-layout-flow\">\n<p><strong>Desmoronamentos e Inc\u00eandios<\/strong><\/p>\n\n\n\n<p><strong>Explos\u00f5es e Vazamentos<\/strong><\/p>\n\n\n\n<p><strong>Enchentes e Terremotos<\/strong><br><\/p>\n<\/blockquote>\n\n\n\n<h3 class=\"wp-block-heading\">Atendimento 24h<\/h3>\n\n\n\n<blockquote class=\"wp-block-quote is-layout-flow wp-block-quote-is-layout-flow\">\n<p><mark style=\"background-color:rgba(0, 0, 0, 0)\" class=\"has-inline-color has-metallic-red-color\"><strong>Emerg\u00eancias, ligue: (62) 9-9925-7497<\/strong><\/mark><\/p>\n<\/blockquote>\n\n","protected":false},"excerpt":{"rendered":"","protected":false},"author":1,"featured_media":0,"parent":0,"menu_order":0,"comment_status":"closed","ping_status":"closed","template":"","meta":{"pagelayer_contact_templates":[],"_pagelayer_content":"","footnotes":""},"class_list":["post-592","page","type-page","status-publish","hentry"],"_links":{"self":[{"href":"https:\/\/kildere.com.br\/arq\/wp-json\/wp\/v2\/pages\/592","targetHints":{"allow":["GET"]}}],"collection":[{"href":"https:\/\/kildere.com.br\/arq\/wp-json\/wp\/v2\/pages"}],"about":[{"href":"https:\/\/kildere.com.br\/arq\/wp-json\/wp\/v2\/types\/page"}],"author":[{"embeddable":true,"href":"https:\/\/kildere.com.br\/arq\/wp-json\/wp\/v2\/users\/1"}],"replies":[{"embeddable":true,"href":"https:\/\/kildere.com.br\/arq\/wp-json\/wp\/v2\/comments?post=592"}],"version-history":[{"count":11,"href":"https:\/\/kildere.com.br\/arq\/wp-json\/wp\/v2\/pages\/592\/revisions"}],"predecessor-version":[{"id":1083,"href":"https:\/\/kildere.com.br\/arq\/wp-json\/wp\/v2\/pages\/592\/revisions\/1083"}],"wp:attachment":[{"href":"https:\/\/kildere.com.br\/arq\/wp-json\/wp\/v2\/media?parent=592"}],"curies":[{"name":"wp","href":"https:\/\/api.w.org\/{rel}","templated":true}]}}