{"id":600,"date":"2025-05-10T14:22:02","date_gmt":"2025-05-10T14:22:02","guid":{"rendered":"https:\/\/kildere.com.br\/arq\/?page_id=600"},"modified":"2025-07-09T21:55:58","modified_gmt":"2025-07-09T21:55:58","slug":"consultorias","status":"publish","type":"page","link":"https:\/\/kildere.com.br\/arq\/consultorias\/","title":{"rendered":"Consultorias"},"content":{"rendered":"\n<h3 class=\"wp-block-heading\"><strong>Consultoria de Alta Performance em Solu\u00e7\u00f5es de Projetos e Carreiras<\/strong><\/h3>\n\n\n\n<p><\/p>\n\n\n\n<p>Se voc\u00ea busca solu\u00e7\u00f5es precisas e inovadoras para desafios complexos, <strong>Kildere Whikichan<\/strong> \u00e9 o consultor ideal.<\/p>\n\n\n\n<p>Com expertise s\u00f3lida em <strong>Projetos<\/strong>, ele combina vasto conhecimento t\u00e9cnico com uma vis\u00e3o integrada das necessidades contempor\u00e2neas.<\/p>\n\n\n\n<p>Um profundo entendimento em <strong>ci\u00eancias exatas<\/strong>, alinhadas com solu\u00e7\u00f5es m\u00e9dicas, jur\u00eddicas e<mark style=\"background-color:rgba(0, 0, 0, 0)\" class=\"has-inline-color has-metallic-red-color\"> <strong>habilidades pr\u00e1ticas em Gest\u00e3o de Projetos consegue <\/strong><\/mark>oferecer uma consultoria personalizada, proporcionando <mark style=\"background-color:rgba(0, 0, 0, 0)\" class=\"has-inline-color has-metallic-red-color\"><strong>solu\u00e7\u00f5es otimizadas.<\/strong><\/mark><\/p>\n\n\n\n<p><\/p>\n\n\n\n<p><\/p>\n\n\n\n<ol class=\"wp-block-list\">\n<li><\/li>\n<\/ol>\n\n\n\n<blockquote class=\"wp-block-quote is-layout-flow wp-block-quote-is-layout-flow\">\n<p><\/p>\n\n\n\n<p><strong>Expertise transdisciplinar para um mundo que exige excel\u00eancia.<\/strong><\/p>\n\n\n\n<p><strong>Agende J\u00e1 uma Consulta<\/strong><\/p>\n\n\n\n<p><\/p>\n<\/blockquote>\n\n\n\n<p><\/p>\n","protected":false},"excerpt":{"rendered":"<p>Consultoria de Alta Performance em Solu\u00e7\u00f5es de Projetos e Carreiras Se voc\u00ea busca solu\u00e7\u00f5es precisas e inovadoras para desafios complexos, Kildere Whikichan \u00e9 o consultor ideal. Com expertise s\u00f3lida em Projetos, ele combina vasto conhecimento t\u00e9cnico com uma vis\u00e3o integrada das necessidades contempor\u00e2neas. Um profundo entendimento em ci\u00eancias exatas, alinhadas com solu\u00e7\u00f5es m\u00e9dicas, jur\u00eddicas e [&hellip;]<\/p>\n","protected":false},"author":1,"featured_media":0,"parent":0,"menu_order":0,"comment_status":"closed","ping_status":"closed","template":"","meta":{"pagelayer_contact_templates":[],"_pagelayer_content":"","footnotes":""},"class_list":["post-600","page","type-page","status-publish","hentry"],"_links":{"self":[{"href":"https:\/\/kildere.com.br\/arq\/wp-json\/wp\/v2\/pages\/600","targetHints":{"allow":["GET"]}}],"collection":[{"href":"https:\/\/kildere.com.br\/arq\/wp-json\/wp\/v2\/pages"}],"about":[{"href":"https:\/\/kildere.com.br\/arq\/wp-json\/wp\/v2\/types\/page"}],"author":[{"embeddable":true,"href":"https:\/\/kildere.com.br\/arq\/wp-json\/wp\/v2\/users\/1"}],"replies":[{"embeddable":true,"href":"https:\/\/kildere.com.br\/arq\/wp-json\/wp\/v2\/comments?post=600"}],"version-history":[{"count":10,"href":"https:\/\/kildere.com.br\/arq\/wp-json\/wp\/v2\/pages\/600\/revisions"}],"predecessor-version":[{"id":1084,"href":"https:\/\/kildere.com.br\/arq\/wp-json\/wp\/v2\/pages\/600\/revisions\/1084"}],"wp:attachment":[{"href":"https:\/\/kildere.com.br\/arq\/wp-json\/wp\/v2\/media?parent=600"}],"curies":[{"name":"wp","href":"https:\/\/api.w.org\/{rel}","templated":true}]}}